{"id":268,"date":"2022-05-01T12:11:50","date_gmt":"2022-05-01T12:11:50","guid":{"rendered":"https:\/\/xseltjarnarnes.is\/?page_id=268"},"modified":"2022-05-01T20:34:12","modified_gmt":"2022-05-01T20:34:12","slug":"betri-og-lifandi-midbaer","status":"publish","type":"page","link":"https:\/\/xseltjarnarnes.is\/en\/stefnan\/betri-og-lifandi-midbaer\/","title":{"rendered":"Better, vibrant town center"},"content":{"rendered":"<p>Um og \u00ed kringum aldam\u00f3tin s\u00ed\u00f0ustu haf\u00f0i Seltjarnarnesb\u00e6r \u00e1 s\u00e9r sterka \u00edmynd og var mi\u00f0b\u00e6num me\u00f0 Ei\u00f0istorg \u00ed broddi fylkingar oft l\u00fdst af n\u00e1gr\u00f6nnunum \u00ed Reykjav\u00edk sem st\u00e1ssstofu sveitarf\u00e9lagsins. N\u00fa er \u00f6ldin \u00f6nnur. \u00c1 Ei\u00f0istorgi hr\u00ed\u00f0lekur innandyra \u00ed almenningi sem nota\u00f0ur er til samkomuhalds. Torgi\u00f0 sem \u00e6tti a\u00f0 vera i\u00f0andi verslunar- og \u00fej\u00f3nustumi\u00f0ja, minnir helst \u00e1 draugab\u00e6 \u00fear sem lj\u00f3sin eru sl\u00f6kkt og neglt hefur veri\u00f0 fyrir glugga. B\u00f3kasafni\u00f0, menningarstofnun b\u00e6jarins, er vel fali\u00f0 og megin inngangur \u00feess \u00ed gegnum s\u00e9rr\u00fdmi verslunarh\u00fasn\u00e6\u00f0is. Austurstr\u00f6nd er l\u00edfvana r\u00fdmi og tengja f\u00e6stir hana vi\u00f0 mi\u00f0b\u00e6inn \u00fe\u00f3 \u00fear s\u00e9 a\u00f0 finna mi\u00f0st\u00f6\u00f0 stj\u00f3rns\u00fdslu og framl\u00ednu\u00fej\u00f3nustu b\u00e6jarins.<\/p>\n\n\n\n<div style=\"padding:56.25% 0 0 0;position:relative;\"><iframe src=\"https:\/\/player.vimeo.com\/video\/705168051?h=40e3a1c8f6&amp;badge=0&amp;autopause=0&amp;player_id=0&amp;app_id=58479\" frameborder=\"0\" allow=\"autoplay; fullscreen; picture-in-picture\" allowfullscreen style=\"position:absolute;top:0;left:0;width:100%;height:100%;\" title=\"Betri og lifandi mi&amp;eth;b&amp;aelig;r\"><\/iframe><\/div><script src=\"https:\/\/player.vimeo.com\/api\/player.js\"><\/script>\n\n\n\n<p><\/p>\n\n\n\n<p>A\u00f0koman inn \u00ed mi\u00f0b\u00e6inn er jafnframt a\u00f0koman inn \u00ed b\u00e6jarf\u00e9lagi\u00f0. L\u00edtill metna\u00f0ur hefur veri\u00f0 lag\u00f0ur \u00ed h\u00f6nnun sv\u00e6\u00f0isins \u00fe.e. a\u00f0 gera a\u00f0komu og \u00e1s\u00fdnd b\u00e6jarins sem besta en grj\u00f3thle\u00f0sla vi\u00f0 b\u00e6jarm\u00f6rkin me\u00f0 skildi Seltjarnarness er eina atrennan til \u00feessa. A\u00f0dr\u00e1ttarafl mi\u00f0b\u00e6jarsv\u00e6\u00f0isins sem vi\u00f0komusta\u00f0ur er l\u00edti\u00f0, hvort sem er fyrir \u00edb\u00faa e\u00f0a gesti, og \u00fev\u00ed eru forsendur fyrir hverskonar rekstri veikar og hvati verslunar- og \u00fej\u00f3nustua\u00f0ila til a\u00f0 byggja upp starfsemi s\u00edna \u00fev\u00ed l\u00edtill sem enginn. \u00c1herslan er auk \u00feess \u00e1 umfer\u00f0 akandi umfer\u00f0 sem einnig gengur erfi\u00f0lega a\u00f0 hemja hra\u00f0ann \u00e1. \u00dev\u00ed v\u00edkur mannl\u00edfi\u00f0.<\/p>\n\n\n\n<p>Sterka hugmyndafr\u00e6\u00f0i hefur skort um langa hr\u00ed\u00f0 um uppbyggingu \u00e1 mi\u00f0b\u00e6 Seltjarnarness sem endurspeglast \u00ed \u00fev\u00ed sem vir\u00f0ist vera tilviljanakenndar skipulags\u00e1kvar\u00f0anir og metna\u00f0arlaus umhverfism\u00f3tun. \u00c1byrg\u00f0in liggur v\u00ed\u00f0a, en \u00fe\u00f3 helst hj\u00e1 sveitarstj\u00f3rn b\u00e6jarins sem ber \u00e1byrg\u00f0 \u00e1 a\u00f0 skipulag s\u00e9 hugsa\u00f0 til langs t\u00edma og \u00fatf\u00e6rt me\u00f0 almannahag, umhverfi, og \u00f6flug rekstrarskilyr\u00f0i a\u00f0 lei\u00f0arlj\u00f3si. Grundvallarg\u00e6\u00f0i mi\u00f0b\u00e6jar felast a\u00f0 miklu leyti \u00ed \u00fev\u00ed a\u00f0 \u00ed honum fl\u00e9ttast saman margv\u00edslegir \u00fer\u00e6\u00f0ir \u00ed eina heild. \u00der\u00e6\u00f0ir sem vi\u00f0 h\u00e9r \u00e1 Nesinu upplifum \u00ed dag sem a\u00f0skilda.<\/p>\n\n\n\n<p>\u00deessu \u00e6tlar Samfylkingin og \u00f3h\u00e1\u00f0ir a\u00f0 breyta me\u00f0 \u00fev\u00ed a\u00f0 leita allra lei\u00f0a til a\u00f0 styrkja mi\u00f0b\u00e6inn sem mi\u00f0st\u00f6\u00f0 mannl\u00edfs, verslunar og \u00fej\u00f3nustu \u00e1 sama t\u00edma og vi\u00f0 byggjum undir markmi\u00f0 um sj\u00e1lfb\u00e6ra \u00fer\u00f3un \u00e1 fj\u00f6lmarga vegu. Vi\u00f0 \u00e6tlum hefja samtal me\u00f0al annars vi\u00f0 Haga hf., um \u00fer\u00f3un \u00e1 Ei\u00f0istorgi \u00fear sem n\u00fa eru m.a. b\u00edlast\u00e6\u00f0i og\/e\u00f0a endurskipulagningu n\u00faverandi h\u00fasn\u00e6\u00f0is. Vi\u00f0 viljum stu\u00f0la a\u00f0 uppbyggingu sem felur \u00ed s\u00e9r blanda\u00f0a bygg\u00f0 \u00edb\u00fa\u00f0a, verslunar og \u00fej\u00f3nustu \u00e1samt stofnunum og vi\u00f0eigandi atvinnustarfsemi eftir \u00fev\u00ed sem kostur gefst.\u00a0<\/p>\n\n\n\n<p>Vi\u00f0 viljum a\u00f0 helstu umfer\u00f0arsv\u00e6\u00f0in \u00fe.e. g\u00f6tuleggirnir a\u00f0 gatnam\u00f3tum Su\u00f0urstrandar og Nesvegs, ver\u00f0i hanna\u00f0ar sem borgarg\u00f6tur. Sl\u00edkt festir \u00ed sessi \u00e1kve\u00f0na framt\u00ed\u00f0ars\u00fdn um tilgang, mikilv\u00e6gi og \u00fatf\u00e6rslur gatna sem fj\u00f6lbreytt og lifandi almenningsr\u00fdmi, \u00fear sem h\u00fasin og gatan mynda eina heild og \u00e1hersla l\u00f6g\u00f0 \u00e1 samr\u00e6mda yfirbor\u00f0sh\u00f6nnun. Vi\u00f0 munum \u00e1samt \u00fev\u00ed tryggja vanda\u00f0 og \u00f6flugt samg\u00f6ngukerfi fyrir alla samg\u00f6ngum\u00e1ta til einkanota, hef\u00f0bundi\u00f0 og seinna meir h\u00e1g\u00e6\u00f0akerfi almenningssamgangna, \u00fear sem \u00f6ryggi allra vegfarenda er haft \u00ed fyrirr\u00fami \u00ed vistlegu og a\u00f0la\u00f0andi g\u00f6tuumhverfi.<\/p>\n\n\n\n<p>Vi\u00f0 viljum \u00fatv\u00edkka\u00f0 sj\u00f3narhorn \u00e1 mi\u00f0b\u00e6inn me\u00f0 \u00fev\u00ed a\u00f0 skapa \u00f6flugar tengingar hans vi\u00f0 \u00f6nnur sv\u00e6\u00f0i, sem og fl\u00e6\u00f0i inn \u00ed og innan hans. Til su\u00f0urs me\u00f0 str\u00f6ndinni viljum vi\u00f0 leggja grunn a\u00f0 endurheimt tengsla mi\u00f0b\u00e6jarins vi\u00f0 sundlaugina, \u00ed\u00fer\u00f3ttah\u00fas, Gr\u00f3ttuv\u00f6ll og heilsug\u00e6sluna, \u00e1ningasta\u00f0i sem \u00edb\u00faar og gestir s\u00e6kja til a\u00f0 efla l\u00edkamlegt hreysti. Ni\u00f0ur a\u00f0 Nor\u00f0urstr\u00f6nd viljum a\u00f0 a\u00f0la\u00f0andi sv\u00e6\u00f0i tengi saman b\u00e6jarhli\u00f0i\u00f0 og Austurstr\u00f6nd. Vi\u00f0 viljum einnig lengja mi\u00f0b\u00e6jar\u00e1sinn fr\u00e1 Ei\u00f0istorgi og upp Nesveginn og efla tengslin vi\u00f0 hin andlegu m\u00e1lefni sem felast annars vegar \u00ed n\u00e1tt\u00farug\u00e6\u00f0um \u00e1 Valh\u00fasah\u00e6\u00f0ar og hinsvegar \u00ed kyrr\u00f0inni \u00ed Seltjarnarneskirkju.<\/p>\n\n\n\n<p><strong>Samfylkingin og \u00f3h\u00e1\u00f0ir want to:<\/strong><\/p>\n\n\n\n<ul class=\"wp-block-list\"><li>Byggja \u00f6flugan og lifandi mi\u00f0b\u00e6 til a\u00f0 sty\u00f0ja vi\u00f0 mannl\u00edf og fyrirt\u00e6kin \u00e1 sv\u00e6\u00f0inu me\u00f0 \u00fev\u00ed a\u00f0 endurskipuleggja sv\u00e6\u00f0i\u00f0 me\u00f0 n\u00fdjum verslunar- og \u00fej\u00f3nustur\u00fdmum \u00ed g\u00f6tuh\u00e6\u00f0 og \u00edb\u00fa\u00f0ir \u00e1 efri h\u00e6\u00f0um.<\/li><li>Auka samr\u00e1\u00f0 vi\u00f0 \u00edb\u00faa \u00ed skipulagsm\u00e1lum \u00ed formi rafr\u00e6ns vettvangs \u00fear sem \u00edb\u00faar geta kynnt s\u00e9r skipulagsbreytingar, sent inn athugasemdir og till\u00f6gur<\/li><li>Build apartments that are suitable for first-time buyers, families as well as older inhabitants wanting to downsize their housing<\/li><li>Improve and clean up public areas, walking paths and playgrounds in Seltjarnarnes<\/li><li>Adding a stop for one of the core lines of buses from Str\u00e6t\u00f3. They run faster and stop less often and are great prerequisite for Borgarl\u00ednan<\/li><li>Add a bike path along Nesvegur that is funded by the Capitol area transportation convention<\/li><li>Improve the safety of people walking and biking as well as lower the speed limits across Seltjarnarnes<\/li><\/ul>","protected":false},"excerpt":{"rendered":"<p>Um og \u00ed kringum aldam\u00f3tin s\u00ed\u00f0ustu haf\u00f0i Seltjarnarnesb\u00e6r \u00e1 s\u00e9r sterka \u00edmynd og var mi\u00f0b\u00e6num me\u00f0 Ei\u00f0istorg \u00ed broddi fylkingar oft l\u00fdst af n\u00e1gr\u00f6nnunum \u00ed Reykjav\u00edk sem st\u00e1ssstofu sveitarf\u00e9lagsins. N\u00fa er \u00f6ldin \u00f6nnur. \u00c1 Ei\u00f0istorgi hr\u00ed\u00f0lekur innandyra \u00ed almenningi sem nota\u00f0ur er til samkomuhalds. Torgi\u00f0 sem \u00e6tti a\u00f0 vera i\u00f0andi verslunar- og \u00fej\u00f3nustumi\u00f0ja, minnir helst [&hellip;]<\/p>\n","protected":false},"author":1,"featured_media":0,"parent":65,"menu_order":1,"comment_status":"closed","ping_status":"closed","template":"","meta":{"footnotes":""},"class_list":["post-268","page","type-page","status-publish","hentry"],"yoast_head":"<!-- This site is optimized with the Yoast SEO plugin v27.3 - https:\/\/yoast.com\/product\/yoast-seo-wordpress\/ -->\n<title>Betri og lifandi mi\u00f0b\u00e6r - Samfylkingin, Vi\u00f0reisn og \u00f3h\u00e1\u00f0ir \u00e1 Seltjarnarnesi<\/title>\n<meta name=\"robots\" content=\"index, follow, max-snippet:-1, max-image-preview:large, max-video-preview:-1\" \/>\n<link rel=\"canonical\" href=\"https:\/\/xseltjarnarnes.is\/en\/stefnan\/betri-og-lifandi-midbaer\/\" \/>\n<meta property=\"og:locale\" content=\"en_US\" \/>\n<meta property=\"og:type\" content=\"article\" \/>\n<meta property=\"og:title\" content=\"Betri og lifandi mi\u00f0b\u00e6r - Samfylkingin, Vi\u00f0reisn og \u00f3h\u00e1\u00f0ir \u00e1 Seltjarnarnesi\" \/>\n<meta property=\"og:description\" content=\"Um og \u00ed kringum aldam\u00f3tin s\u00ed\u00f0ustu haf\u00f0i Seltjarnarnesb\u00e6r \u00e1 s\u00e9r sterka \u00edmynd og var mi\u00f0b\u00e6num me\u00f0 Ei\u00f0istorg \u00ed broddi fylkingar oft l\u00fdst af n\u00e1gr\u00f6nnunum \u00ed Reykjav\u00edk sem st\u00e1ssstofu sveitarf\u00e9lagsins. N\u00fa er \u00f6ldin \u00f6nnur. \u00c1 Ei\u00f0istorgi hr\u00ed\u00f0lekur innandyra \u00ed almenningi sem nota\u00f0ur er til samkomuhalds. Torgi\u00f0 sem \u00e6tti a\u00f0 vera i\u00f0andi verslunar- og \u00fej\u00f3nustumi\u00f0ja, minnir helst [&hellip;]\" \/>\n<meta property=\"og:url\" content=\"https:\/\/xseltjarnarnes.is\/en\/stefnan\/betri-og-lifandi-midbaer\/\" \/>\n<meta property=\"og:site_name\" content=\"Samfylkingin, Vi\u00f0reisn og \u00f3h\u00e1\u00f0ir \u00e1 Seltjarnarnesi\" \/>\n<meta property=\"article:publisher\" content=\"https:\/\/www.facebook.com\/XSeltjarnarnes\" \/>\n<meta property=\"article:modified_time\" content=\"2022-05-01T20:34:12+00:00\" \/>\n<meta property=\"og:image\" content=\"https:\/\/i0.wp.com\/xseltjarnarnes.is\/wp-content\/uploads\/2022\/04\/277568449_301834192073366_2948151852440663632_n.jpg?fit=2048%2C1536&ssl=1\" \/>\n\t<meta property=\"og:image:width\" content=\"2048\" \/>\n\t<meta property=\"og:image:height\" content=\"1536\" \/>\n\t<meta property=\"og:image:type\" content=\"image\/jpeg\" \/>\n<meta name=\"twitter:card\" content=\"summary_large_image\" \/>\n<meta name=\"twitter:label1\" content=\"Est. reading time\" \/>\n\t<meta name=\"twitter:data1\" content=\"4 minutes\" \/>\n<script type=\"application\/ld+json\" class=\"yoast-schema-graph\">{\"@context\":\"https:\\\/\\\/schema.org\",\"@graph\":[{\"@type\":\"WebPage\",\"@id\":\"https:\\\/\\\/xseltjarnarnes.is\\\/stefnan\\\/betri-og-lifandi-midbaer\\\/\",\"url\":\"https:\\\/\\\/xseltjarnarnes.is\\\/stefnan\\\/betri-og-lifandi-midbaer\\\/\",\"name\":\"Betri og lifandi mi\u00f0b\u00e6r - Samfylkingin, Vi\u00f0reisn og \u00f3h\u00e1\u00f0ir \u00e1 Seltjarnarnesi\",\"isPartOf\":{\"@id\":\"https:\\\/\\\/xseltjarnarnes.is\\\/#website\"},\"datePublished\":\"2022-05-01T12:11:50+00:00\",\"dateModified\":\"2022-05-01T20:34:12+00:00\",\"breadcrumb\":{\"@id\":\"https:\\\/\\\/xseltjarnarnes.is\\\/stefnan\\\/betri-og-lifandi-midbaer\\\/#breadcrumb\"},\"inLanguage\":\"en-US\",\"potentialAction\":[{\"@type\":\"ReadAction\",\"target\":[\"https:\\\/\\\/xseltjarnarnes.is\\\/stefnan\\\/betri-og-lifandi-midbaer\\\/\"]}]},{\"@type\":\"BreadcrumbList\",\"@id\":\"https:\\\/\\\/xseltjarnarnes.is\\\/stefnan\\\/betri-og-lifandi-midbaer\\\/#breadcrumb\",\"itemListElement\":[{\"@type\":\"ListItem\",\"position\":1,\"name\":\"Home\",\"item\":\"https:\\\/\\\/xseltjarnarnes.is\\\/\"},{\"@type\":\"ListItem\",\"position\":2,\"name\":\"Stefnan\",\"item\":\"https:\\\/\\\/xseltjarnarnes.is\\\/stefnan\\\/\"},{\"@type\":\"ListItem\",\"position\":3,\"name\":\"Betri og lifandi mi\u00f0b\u00e6r\"}]},{\"@type\":\"WebSite\",\"@id\":\"https:\\\/\\\/xseltjarnarnes.is\\\/#website\",\"url\":\"https:\\\/\\\/xseltjarnarnes.is\\\/\",\"name\":\"Samfylkingin, Vi\u00f0reisn og \u00f3h\u00e1\u00f0ir \u00e1 Seltjarnarnesi\",\"description\":\"Betri b\u00e6r fyrir okkur \u00f6ll\",\"publisher\":{\"@id\":\"https:\\\/\\\/xseltjarnarnes.is\\\/#organization\"},\"potentialAction\":[{\"@type\":\"SearchAction\",\"target\":{\"@type\":\"EntryPoint\",\"urlTemplate\":\"https:\\\/\\\/xseltjarnarnes.is\\\/?s={search_term_string}\"},\"query-input\":{\"@type\":\"PropertyValueSpecification\",\"valueRequired\":true,\"valueName\":\"search_term_string\"}}],\"inLanguage\":\"en-US\"},{\"@type\":\"Organization\",\"@id\":\"https:\\\/\\\/xseltjarnarnes.is\\\/#organization\",\"name\":\"Samfylkingin og \u00f3h\u00e1\u00f0ir\",\"url\":\"https:\\\/\\\/xseltjarnarnes.is\\\/\",\"logo\":{\"@type\":\"ImageObject\",\"inLanguage\":\"en-US\",\"@id\":\"https:\\\/\\\/xseltjarnarnes.is\\\/#\\\/schema\\\/logo\\\/image\\\/\",\"url\":\"https:\\\/\\\/i0.wp.com\\\/xseltjarnarnes.is\\\/wp-content\\\/uploads\\\/2022\\\/05\\\/1.png?fit=1500%2C1500&ssl=1\",\"contentUrl\":\"https:\\\/\\\/i0.wp.com\\\/xseltjarnarnes.is\\\/wp-content\\\/uploads\\\/2022\\\/05\\\/1.png?fit=1500%2C1500&ssl=1\",\"width\":1500,\"height\":1500,\"caption\":\"Samfylkingin og \u00f3h\u00e1\u00f0ir\"},\"image\":{\"@id\":\"https:\\\/\\\/xseltjarnarnes.is\\\/#\\\/schema\\\/logo\\\/image\\\/\"},\"sameAs\":[\"https:\\\/\\\/www.facebook.com\\\/XSeltjarnarnes\"]}]}<\/script>\n<!-- \/ Yoast SEO plugin. -->","yoast_head_json":{"title":"Betri og lifandi mi\u00f0b\u00e6r - Samfylkingin, Vi\u00f0reisn og \u00f3h\u00e1\u00f0ir \u00e1 Seltjarnarnesi","robots":{"index":"index","follow":"follow","max-snippet":"max-snippet:-1","max-image-preview":"max-image-preview:large","max-video-preview":"max-video-preview:-1"},"canonical":"https:\/\/xseltjarnarnes.is\/en\/stefnan\/betri-og-lifandi-midbaer\/","og_locale":"en_US","og_type":"article","og_title":"Betri og lifandi mi\u00f0b\u00e6r - Samfylkingin, Vi\u00f0reisn og \u00f3h\u00e1\u00f0ir \u00e1 Seltjarnarnesi","og_description":"Um og \u00ed kringum aldam\u00f3tin s\u00ed\u00f0ustu haf\u00f0i Seltjarnarnesb\u00e6r \u00e1 s\u00e9r sterka \u00edmynd og var mi\u00f0b\u00e6num me\u00f0 Ei\u00f0istorg \u00ed broddi fylkingar oft l\u00fdst af n\u00e1gr\u00f6nnunum \u00ed Reykjav\u00edk sem st\u00e1ssstofu sveitarf\u00e9lagsins. N\u00fa er \u00f6ldin \u00f6nnur. \u00c1 Ei\u00f0istorgi hr\u00ed\u00f0lekur innandyra \u00ed almenningi sem nota\u00f0ur er til samkomuhalds. Torgi\u00f0 sem \u00e6tti a\u00f0 vera i\u00f0andi verslunar- og \u00fej\u00f3nustumi\u00f0ja, minnir helst [&hellip;]","og_url":"https:\/\/xseltjarnarnes.is\/en\/stefnan\/betri-og-lifandi-midbaer\/","og_site_name":"Samfylkingin, Vi\u00f0reisn og \u00f3h\u00e1\u00f0ir \u00e1 Seltjarnarnesi","article_publisher":"https:\/\/www.facebook.com\/XSeltjarnarnes","article_modified_time":"2022-05-01T20:34:12+00:00","og_image":[{"width":2048,"height":1536,"url":"https:\/\/i0.wp.com\/xseltjarnarnes.is\/wp-content\/uploads\/2022\/04\/277568449_301834192073366_2948151852440663632_n.jpg?fit=2048%2C1536&ssl=1","type":"image\/jpeg"}],"twitter_card":"summary_large_image","twitter_misc":{"Est. reading time":"4 minutes"},"schema":{"@context":"https:\/\/schema.org","@graph":[{"@type":"WebPage","@id":"https:\/\/xseltjarnarnes.is\/stefnan\/betri-og-lifandi-midbaer\/","url":"https:\/\/xseltjarnarnes.is\/stefnan\/betri-og-lifandi-midbaer\/","name":"Betri og lifandi mi\u00f0b\u00e6r - Samfylkingin, Vi\u00f0reisn og \u00f3h\u00e1\u00f0ir \u00e1 Seltjarnarnesi","isPartOf":{"@id":"https:\/\/xseltjarnarnes.is\/#website"},"datePublished":"2022-05-01T12:11:50+00:00","dateModified":"2022-05-01T20:34:12+00:00","breadcrumb":{"@id":"https:\/\/xseltjarnarnes.is\/stefnan\/betri-og-lifandi-midbaer\/#breadcrumb"},"inLanguage":"en-US","potentialAction":[{"@type":"ReadAction","target":["https:\/\/xseltjarnarnes.is\/stefnan\/betri-og-lifandi-midbaer\/"]}]},{"@type":"BreadcrumbList","@id":"https:\/\/xseltjarnarnes.is\/stefnan\/betri-og-lifandi-midbaer\/#breadcrumb","itemListElement":[{"@type":"ListItem","position":1,"name":"Home","item":"https:\/\/xseltjarnarnes.is\/"},{"@type":"ListItem","position":2,"name":"Stefnan","item":"https:\/\/xseltjarnarnes.is\/stefnan\/"},{"@type":"ListItem","position":3,"name":"Betri og lifandi mi\u00f0b\u00e6r"}]},{"@type":"WebSite","@id":"https:\/\/xseltjarnarnes.is\/#website","url":"https:\/\/xseltjarnarnes.is\/","name":"Samfylkingin, Vi\u00f0reisn og \u00f3h\u00e1\u00f0ir \u00e1 Seltjarnarnesi","description":"Better town for us all","publisher":{"@id":"https:\/\/xseltjarnarnes.is\/#organization"},"potentialAction":[{"@type":"SearchAction","target":{"@type":"EntryPoint","urlTemplate":"https:\/\/xseltjarnarnes.is\/?s={search_term_string}"},"query-input":{"@type":"PropertyValueSpecification","valueRequired":true,"valueName":"search_term_string"}}],"inLanguage":"en-US"},{"@type":"Organization","@id":"https:\/\/xseltjarnarnes.is\/#organization","name":"Samfylkingin og \u00f3h\u00e1\u00f0ir","url":"https:\/\/xseltjarnarnes.is\/","logo":{"@type":"ImageObject","inLanguage":"en-US","@id":"https:\/\/xseltjarnarnes.is\/#\/schema\/logo\/image\/","url":"https:\/\/i0.wp.com\/xseltjarnarnes.is\/wp-content\/uploads\/2022\/05\/1.png?fit=1500%2C1500&ssl=1","contentUrl":"https:\/\/i0.wp.com\/xseltjarnarnes.is\/wp-content\/uploads\/2022\/05\/1.png?fit=1500%2C1500&ssl=1","width":1500,"height":1500,"caption":"Samfylkingin og \u00f3h\u00e1\u00f0ir"},"image":{"@id":"https:\/\/xseltjarnarnes.is\/#\/schema\/logo\/image\/"},"sameAs":["https:\/\/www.facebook.com\/XSeltjarnarnes"]}]}},"jetpack-related-posts":[],"jetpack_sharing_enabled":true,"_links":{"self":[{"href":"https:\/\/xseltjarnarnes.is\/en\/wp-json\/wp\/v2\/pages\/268","targetHints":{"allow":["GET"]}}],"collection":[{"href":"https:\/\/xseltjarnarnes.is\/en\/wp-json\/wp\/v2\/pages"}],"about":[{"href":"https:\/\/xseltjarnarnes.is\/en\/wp-json\/wp\/v2\/types\/page"}],"author":[{"embeddable":true,"href":"https:\/\/xseltjarnarnes.is\/en\/wp-json\/wp\/v2\/users\/1"}],"replies":[{"embeddable":true,"href":"https:\/\/xseltjarnarnes.is\/en\/wp-json\/wp\/v2\/comments?post=268"}],"version-history":[{"count":9,"href":"https:\/\/xseltjarnarnes.is\/en\/wp-json\/wp\/v2\/pages\/268\/revisions"}],"predecessor-version":[{"id":350,"href":"https:\/\/xseltjarnarnes.is\/en\/wp-json\/wp\/v2\/pages\/268\/revisions\/350"}],"up":[{"embeddable":true,"href":"https:\/\/xseltjarnarnes.is\/en\/wp-json\/wp\/v2\/pages\/65"}],"wp:attachment":[{"href":"https:\/\/xseltjarnarnes.is\/en\/wp-json\/wp\/v2\/media?parent=268"}],"curies":[{"name":"wp","href":"https:\/\/api.w.org\/{rel}","templated":true}]}}