{"id":280,"date":"2022-05-01T13:00:26","date_gmt":"2022-05-01T13:00:26","guid":{"rendered":"https:\/\/xseltjarnarnes.is\/?page_id=280"},"modified":"2022-05-01T13:41:39","modified_gmt":"2022-05-01T13:41:39","slug":"graenn-og-vaenn-baer","status":"publish","type":"page","link":"https:\/\/xseltjarnarnes.is\/en\/stefnan\/graenn-og-vaenn-baer\/","title":{"rendered":"Green and friendly town"},"content":{"rendered":"<h3 class=\"wp-block-heading\">Umhverfi\u00f0 \u00ed \u00f6ndvegi<\/h3>\n\n\n\n<p>Vistkerfi jar\u00f0ar eiga undir h\u00f6gg a\u00f0 s\u00e6kja og er \u00e1kv\u00f6r\u00f0un um verndun l\u00edffr\u00e6\u00f0ilegrar fj\u00f6lbreytni \u00e1 vestursv\u00e6\u00f0unum sem og er verndun strandlengjunnar hringinn \u00ed kringum Seltjarnarnes grundvallaratri\u00f0i \u00ed bar\u00e1ttunni vi\u00f0 loftslagsbreytingar. Samfylkingin og \u00f3h\u00e1\u00f0ir eru fylgjandi sameiginlegri till\u00f6gu Umhverfisstofnunnar og Umhverfisnefndar Seltjarnarnesb\u00e6jar um st\u00e6kkun fri\u00f0landsins umhverfis Gr\u00f3ttu \u00e1samt Seltj\u00f6rn en me\u00f0 st\u00e6kkuninni n\u00e6st heildst\u00e6\u00f0ari vernd sv\u00e6\u00f0isins vegna fuglal\u00edfs, vistger\u00f0a og jar\u00f0minja.&nbsp;<\/p>\n\n\n\n<p>\u00c1stand fr\u00e1veitu \u00e1 Seltjarnarnesi er \u00e1m\u00e6lisvert en ni\u00f0urst\u00f6\u00f0ur heilbrig\u00f0iseftirlits s\u00ed\u00f0ustu \u00e1ra s\u00fdna a\u00f0 fj\u00f6ldi saurk\u00f3l\u00edgerla \u00ed sj\u00f3 er n\u00e1nast vi\u00f0varandi yfir vi\u00f0mi\u00f0unarm\u00f6rkum og \u00e1standi\u00f0 teljist reglulega me\u00f0 \u00f6llu \u00f3fulln\u00e6gjandi. \u00cd vatnave\u00f0rum er sk\u00f3lpi d\u00e6lt um yfirfall \u00ed vi\u00f0taka \u00e1 Seltjarnarnesi og \u00fea\u00f0an \u00f3hreinsu\u00f0u \u00fat \u00ed sj\u00f3 vi\u00f0 fj\u00f6rum\u00f6rk \u00ed Bakkav\u00edk, vi\u00f0 Lambasta\u00f0i, Ei\u00f0sv\u00edk og Nor\u00f0urv\u00edk. \u00c1 sama t\u00edma eru fj\u00f6rur Seltjarnarness vins\u00e6lir vi\u00f0komusta\u00f0ir barna, fj\u00f6lskyldna og vatna\u00ed\u00fer\u00f3ttamanna auk \u00feess sem sk\u00f3lar b\u00e6jarins nota \u00fe\u00e6r til kennslu og n\u00e1tt\u00farusko\u00f0unar. Mikilv\u00e6gt er a\u00f0 fylgja almennum regluger\u00f0um og koma upp m\u00e6lum svo h\u00e6gt s\u00e9 a\u00f0 fylgjast me\u00f0 fl\u00e6\u00f0i sk\u00f3lps \u00ed raunt\u00edma en ekki s\u00ed\u00f0ur til a\u00f0 uppl\u00fdsa b\u00e6jarb\u00faa um st\u00f6\u00f0una \u00ed fj\u00f6rum hverju sinni.<\/p>\n\n\n\n<p>St\u00edga \u00fearf skrefi\u00f0 til fulls \u00ed flokkun sorps \u00e1 Seltjarnarnesi. \u00cdb\u00faum hefur um nokkra hr\u00ed\u00f0 sta\u00f0i\u00f0 til bo\u00f0a a\u00f0 flokka papp\u00edr, \u00e1samt \u00fev\u00ed a\u00f0 n\u00fa er einnig h\u00e6gt a\u00f0 safna plasti \u00ed heimilistunnuna. Samfylkingin og \u00f3h\u00e1\u00f0ir vilja b\u00e6ta um betur og flokka allan \u00fargang sem fellur til fr\u00e1 heimilum \u00e1 Seltjarnarnesi, \u00fear me\u00f0 tali\u00f0 l\u00edfr\u00e6nan \u00fargang. \u00c1 sama t\u00edma viljum vi\u00f0 innlei\u00f0a hvata sem eykur vilja b\u00e6jarb\u00faa til a\u00f0 flokka me\u00f0 n\u00fdrri gjaldskr\u00e1 fyrir sorp \u00fear sem greitt er minna fyrir flokkunartunnur og meira fyrir almenna heimilistunnu enda er kostna\u00f0ur vi\u00f0 ur\u00f0un \u00f3flokka\u00f0s heimilissorps margfalt meiri fyrir sveitarf\u00e9lagi\u00f0.<\/p>\n\n\n\n<p>Gr\u00f3ttubygg\u00f0 er n\u00fdtt t\u00e6plega 200 \u00edb\u00fa\u00f0a hverfi sem mun r\u00edsa vestast \u00e1 Seltjarnarnesi, \u00ed ja\u00f0ri helsta n\u00e1tt\u00faru og \u00fativistarsv\u00e6\u00f0is Seltjarnarness. Samfylkingin og \u00f3h\u00e1\u00f0ir vilja r\u00e6\u00f0a vi\u00f0 verktaka, fj\u00e1rfesta og a\u00f0ra sem koma a\u00f0 uppbyggingu \u00e1 sv\u00e6\u00f0inu um a\u00f0 n\u00fdtt hverfi ver\u00f0i byggt og skipulagt \u00feannig a\u00f0 umhverfis- og vistvottun f\u00e1ist en \u00feannig ver\u00f0i b\u00e6\u00f0i l\u00edfsg\u00e6\u00f0i og umhverfisvernd trygg\u00f0. \u00deegar er b\u00fai\u00f0 a\u00f0 ry\u00f0ja brautina \u00ed umhverfisv\u00e6num lei\u00f0um \u00ed \u00edslenskum byggingari\u00f0na\u00f0i og hafa margir birgjar byggt upp getu til a\u00f0 bj\u00f3\u00f0a umhverfisv\u00e6nar byggingarv\u00f6rur. Sannreynt hefur veri\u00f0 a\u00f0 byggingarkostna\u00f0ur Svansvotta\u00f0ra einb\u00fdlis- og fj\u00f6lb\u00fdlish\u00fasa s\u00e9 samb\u00e6rilegur og kostna\u00f0ur vi\u00f0 byggingu \u00f3vistv\u00e6nna h\u00fasa. Til vi\u00f0b\u00f3tar er vi\u00f0halds og rekstrarkostna\u00f0ur sl\u00edkra h\u00fasa ekki meiri. \u00de\u00e1 er mikilv\u00e6gt a\u00f0 tryggja g\u00f3\u00f0a lj\u00f3svist \u00ed Gr\u00f3ttubygg\u00f0 \u00feannig a\u00f0 ekki gangi \u00e1 myrkurg\u00e6\u00f0i Vestursv\u00e6\u00f0anna sem eru einst\u00f6k n\u00e1tt\u00farug\u00e6\u00f0i \u00e1 h\u00f6fu\u00f0borgarsv\u00e6\u00f0inu \u00f6llu \u00feegar kemur a\u00f0 n\u00e1tt\u00farug\u00e6\u00f0um himinhvolfsins.<\/p>\n\n\n\n<p>Samfylkingin leggur \u00e1herslu \u00e1 orkuskipti \u00ed samg\u00f6ngum og minnka \u00fatbl\u00e1stur gr\u00f3\u00f0urh\u00fasalofttegunda. Samfylkingin stefnir \u00e1 uppsetningu hle\u00f0slust\u00f6\u00f0va vi\u00f0 helstu stofnanir b\u00e6jarins \u00ed samstarfi vi\u00f0 a\u00f0ila \u00e1 orkumarka\u00f0i. \u00deannig geti b\u00e6jarb\u00faar hla\u00f0i\u00f0 b\u00edlana s\u00edna \u00e1 einfaldan og a\u00f0gengilegan h\u00e1tt. Mannfj\u00f6ldasp\u00e1r gera r\u00e1\u00f0 fyrir a\u00f0 \u00edb\u00faum muni fj\u00f6lga um 70 \u00fe\u00fasund \u00e1 n\u00e6stu 20 \u00e1rum og umfer\u00f0ar\u00feungi um 65%. Samfylkingin og \u00f3h\u00e1\u00f0ir vilja tryggja vanda\u00f0 og \u00f6flugt samg\u00f6ngukerfi fyrir fj\u00f6lbreytta samg\u00f6ngum\u00e1ta til einkanota, hef\u00f0bundi\u00f0 og seinna meir h\u00e1g\u00e6\u00f0akerfi almenningssamgangna, sem flytja mun \u00edb\u00faa Seltjarnarness \u00f3hindra\u00f0 me\u00f0 vistv\u00e6num, \u00f6ruggum og skj\u00f3tum h\u00e6tti fr\u00e1 Ei\u00f0istorgi og um allt h\u00f6fu\u00f0borgarsv\u00e6\u00f0i\u00f0. \u00de\u00e1 ver\u00f0i sett upp hj\u00f3lask\u00fdli vi\u00f0 stofnanir b\u00e6jarins.<\/p>\n\n\n\n<p><strong>Samfylkingin og \u00f3h\u00e1\u00f0ir want to:<\/strong><\/p>\n\n\n\n<ul class=\"wp-block-list\"><li>Agree to the terms of preservation of Gr\u00f3tta and surrounding areas&nbsp;<\/li><li>Initiate further preservation projects for the west areas of Seltjarnarnes<\/li><li>Add nice looking disposal depots in town and increase inhabitant's ability to properly sort trash near their homes<\/li><li>Establish or improve green transportation by<ul><li>Add a bike path along Nesvegur<\/li><li>Add charging stations for electric vehicles<\/li><li>Improving walking paths and walker safety<\/li><li>Get a new main bus route into town<\/li><li>Add bike storage facilities outside municipality offices<\/li><\/ul><\/li><li>Increase environmental consciousness at all school levels<\/li><li>Reduce wind and increase the binding of carbon-monoxide by planting more trees<\/li><\/ul>\n\n\n\n<h3 class=\"wp-block-heading\">St\u00fdring fer\u00f0a\u00fej\u00f3nustu<\/h3>\n\n\n\n<p>Fer\u00f0am\u00f6nnum mun fara fj\u00f6lgandi \u00e1 Seltjarnarnesi \u00e1 n\u00fd samhli\u00f0a auknum straumi fer\u00f0amanna til \u00cdslands \u00e1 n\u00e6stu misserum. Lei\u00f0a m\u00e1 l\u00edkurnar a\u00f0 \u00fev\u00ed a\u00f0 lei\u00f0 \u00feeirra muni liggja a\u00f0 einu helsta kennileiti h\u00f6fu\u00f0borgarsv\u00e6\u00f0isins Gr\u00f3ttuvita, sem dregur a\u00f0 s\u00e9r erlenda og innlenda gesti allt \u00e1ri\u00f0 um kring, \u00e1hugaf\u00f3lk um nor\u00f0urlj\u00f3s a\u00f0 vetri og n\u00e1tt\u00faru og fuglal\u00edf a\u00f0 sumri. \u00de\u00e1 er vi\u00f0b\u00fai\u00f0 a\u00f0 varanlegt safnah\u00fas N\u00e1tt\u00faruminjasafn \u00cdslands sem sta\u00f0sett ver\u00f0ur, \u00fear sem \u00ed yfir \u00e1ratug st\u00f3\u00f0 til a\u00f0 opna L\u00e6kningaminjasafn, muni draga a\u00f0 s\u00e9r enn st\u00e6rri h\u00f3p en \u00e1\u00f0ur.<\/p>\n\n\n\n<p>Sj\u00e1lfb\u00e6rni \u00ed fer\u00f0a\u00fej\u00f3nustu sn\u00fdr a\u00f0 \u00feekkingu \u00e1 \u00feeim takm\u00f6rkum sem n\u00e1tt\u00faran setur okkur.<\/p>\n\n\n\n<p>Samfylkingin og \u00f3h\u00e1\u00f0ir munu \u00e1 kj\u00f6rt\u00edmabilinu leggja \u00e1herslu \u00e1 markvissa st\u00fdringu enda er h\u00fan lykill a\u00f0 fars\u00e6lli og sj\u00e1lfb\u00e6rri uppbyggingu og verndun vi\u00f0kv\u00e6mra og fri\u00f0l\u00fdstra sv\u00e6\u00f0a \u00e1 Nesinu. Samfylking og \u00f3h\u00e1\u00f0ir leggja \u00e1herslu \u00e1 sm\u00ed\u00f0i \u00e1fangasta\u00f0a\u00e1\u00e6tlunar fyrir b\u00e6inn. \u00cd \u00e1\u00e6tluninni ver\u00f0i teknar saman helstu a\u00f0ger\u00f0ir er sn\u00faa a\u00f0 uppbyggingu innvi\u00f0a, st\u00fdringar, \u00fej\u00f3nustu og upplifunnar \u00e1 Seltjarnarnesi \u00e1 n\u00e6sta kj\u00f6rt\u00edmabili me\u00f0 skilgreindum markmi\u00f0um og v\u00ed\u00f0t\u00e6ku samr\u00e1\u00f0i vi\u00f0 alla haga\u00f0ila. \u00c1\u00e6tlunin mi\u00f0i a\u00f0 \u00fev\u00ed a\u00f0 upplifun af sv\u00e6\u00f0inu standist v\u00e6ntingar fer\u00f0amannsins, sty\u00f0ji vi\u00f0 atvinnurekstur en s\u00e9 \u00e1 sama t\u00edma \u00ed s\u00e1tt vi\u00f0 \u00edb\u00faa og umhverfi.&nbsp;<\/p>\n\n\n\n<p>Me\u00f0al forgangsverkefna ver\u00f0i a\u00f0 skipuleggja sv\u00e6\u00f0i\u00f0 \u00ed kringum Gr\u00f3ttu me\u00f0 \u00e1herslu \u00e1 var\u00f0veislu n\u00e1tt\u00faru og menningararfleif\u00f0ar enda felst a\u00f0dr\u00e1ttarafl sv\u00e6\u00f0isins \u00ed st\u00f3rbrotinni n\u00e1tt\u00farufegur\u00f0, fuglal\u00edfi, menningu og s\u00f6gu. N\u00e1tt\u00faruminjasafn fengi hlutverk mi\u00f0st\u00f6\u00f0var \u00fear sem gestir eru uppl\u00fdstir um sv\u00e6\u00f0i\u00f0 og umgengni \u00ed lifandi umhverfi. Forsendur skapist \u00fear me\u00f0 fyrir lifandi safnastarfi \u00ed Nesstofu og ver\u00f0ur sl\u00edkt r\u00e6tt vi\u00f0 \u00dej\u00f3\u00f0minjasafn \u00cdslands. Finna \u00fearf athafnasv\u00e6\u00f0i b\u00e6jarins framt\u00ed\u00f0arsta\u00f0. Leggja \u00fearf \u00e1herslu \u00e1 gangandi og hj\u00f3landi umfer\u00f0 me\u00f0 markvissri uppbyggingu st\u00edgakerfis sem tengir saman \u00fej\u00f3nustu og \u00e1ningasta\u00f0i. B\u00e6ta \u00fearf reglum um dr\u00f3naflug vi\u00f0 l\u00f6greglusam\u00feykkt b\u00e6jarins.&nbsp;<\/p>\n\n\n\n<p>\u00c1kvar\u00f0anir um fj\u00e1rveitingu af h\u00e1lfu r\u00edkisins til uppbygginar \u00e1fangasta\u00f0a er tekin \u00ed gegnum Lands\u00e1\u00e6tlun, Framkv\u00e6mdasj\u00f3\u00f0 fer\u00f0amannasta\u00f0a og Fer\u00f0am\u00e1lastofu. Samfylkingin og \u00f3h\u00e1\u00f0ir leggja \u00e1herslu \u00e1 a\u00f0 vegna s\u00e9rst\u00f6\u00f0u sinnar ver\u00f0i Vestursv\u00e6\u00f0in sett \u00e1 forgangslista yfir \u00e1fangasta\u00f0i \u00e1 h\u00f6fu\u00f0borgarsv\u00e6\u00f0inu sem veita \u00feurfi fj\u00e1rmagn til. Vi\u00f0 \u00e1\u00e6tlanager\u00f0ina ver\u00f0i stu\u00f0st vi\u00f0 sk\u00fdrslu nefndar um stefnum\u00f6rkun \u00ed fer\u00f0a\u00fej\u00f3nustu \u00e1 Seltjarnarnesi sem unnin var \u00e1ri\u00f0 2016, til vi\u00f0b\u00f3tar vi\u00f0 m\u00f6rkun sv\u00e6\u00f0isins \u00ed A\u00f0alskipulagi b\u00e6jarins. Einnig ver\u00f0i teki\u00f0 ver\u00f0i mi\u00f0 af lei\u00f0beiningariti Fer\u00f0am\u00e1lastofu, Framkv\u00e6mdas\u00fdslu r\u00edkisins og H\u00f6nnunarmi\u00f0st\u00f6\u00f0var \u00cdslands <em>G\u00f3\u00f0ir sta\u00f0ir, um uppbyggingu fer\u00f0amannasta\u00f0a<\/em>.<\/p>\n\n\n\n<p><strong>Samfylkingin og \u00f3h\u00e1\u00f0ir want to:<\/strong><\/p>\n\n\n\n<ul class=\"wp-block-list\"><li>Create a plan for Seltjarnarnes as a tourism destination detailing the needed investments<\/li><li>Seek funding from Framkv\u00e6mdasj\u00f3\u00f0ur fer\u00f0amannasta\u00f0a<\/li><li>Organise how the area around Gr\u00f3tta should be utilised with emphasis on preserving nature and cultural artifacts<\/li><li>Add walking paths connect together services and unique nature in Framnes and Snoppa<\/li><li>Add bike paths along the coastline to separate walking and biking traffic<\/li><li>Secure preservation of land while migrating birds are laying on their eggs<\/li><li>Limit the flight of drones while migrating birds are laying on their eggs<\/li><\/ul>","protected":false},"excerpt":{"rendered":"<p>Umhverfi\u00f0 \u00ed \u00f6ndvegi Vistkerfi jar\u00f0ar eiga undir h\u00f6gg a\u00f0 s\u00e6kja og er \u00e1kv\u00f6r\u00f0un um verndun l\u00edffr\u00e6\u00f0ilegrar fj\u00f6lbreytni \u00e1 vestursv\u00e6\u00f0unum sem og er verndun strandlengjunnar hringinn \u00ed kringum Seltjarnarnes grundvallaratri\u00f0i \u00ed bar\u00e1ttunni vi\u00f0 loftslagsbreytingar. Samfylkingin og \u00f3h\u00e1\u00f0ir eru fylgjandi sameiginlegri till\u00f6gu Umhverfisstofnunnar og Umhverfisnefndar Seltjarnarnesb\u00e6jar um st\u00e6kkun fri\u00f0landsins umhverfis Gr\u00f3ttu \u00e1samt Seltj\u00f6rn en me\u00f0 st\u00e6kkuninni n\u00e6st [&hellip;]<\/p>\n","protected":false},"author":1,"featured_media":0,"parent":65,"menu_order":5,"comment_status":"closed","ping_status":"closed","template":"","meta":{"footnotes":""},"class_list":["post-280","page","type-page","status-publish","hentry"],"yoast_head":"<!-- This site is optimized with the Yoast SEO plugin v27.3 - https:\/\/yoast.com\/product\/yoast-seo-wordpress\/ -->\n<title>Gr\u00e6nn og v\u00e6nn b\u00e6r - Samfylkingin, Vi\u00f0reisn og \u00f3h\u00e1\u00f0ir \u00e1 Seltjarnarnesi<\/title>\n<meta name=\"robots\" content=\"index, follow, max-snippet:-1, max-image-preview:large, max-video-preview:-1\" \/>\n<link rel=\"canonical\" href=\"https:\/\/xseltjarnarnes.is\/en\/stefnan\/graenn-og-vaenn-baer\/\" \/>\n<meta property=\"og:locale\" content=\"en_US\" \/>\n<meta property=\"og:type\" content=\"article\" \/>\n<meta property=\"og:title\" content=\"Gr\u00e6nn og v\u00e6nn b\u00e6r - Samfylkingin, Vi\u00f0reisn og \u00f3h\u00e1\u00f0ir \u00e1 Seltjarnarnesi\" \/>\n<meta property=\"og:description\" content=\"Umhverfi\u00f0 \u00ed \u00f6ndvegi Vistkerfi jar\u00f0ar eiga undir h\u00f6gg a\u00f0 s\u00e6kja og er \u00e1kv\u00f6r\u00f0un um verndun l\u00edffr\u00e6\u00f0ilegrar fj\u00f6lbreytni \u00e1 vestursv\u00e6\u00f0unum sem og er verndun strandlengjunnar hringinn \u00ed kringum Seltjarnarnes grundvallaratri\u00f0i \u00ed bar\u00e1ttunni vi\u00f0 loftslagsbreytingar. Samfylkingin og \u00f3h\u00e1\u00f0ir eru fylgjandi sameiginlegri till\u00f6gu Umhverfisstofnunnar og Umhverfisnefndar Seltjarnarnesb\u00e6jar um st\u00e6kkun fri\u00f0landsins umhverfis Gr\u00f3ttu \u00e1samt Seltj\u00f6rn en me\u00f0 st\u00e6kkuninni n\u00e6st [&hellip;]\" \/>\n<meta property=\"og:url\" content=\"https:\/\/xseltjarnarnes.is\/en\/stefnan\/graenn-og-vaenn-baer\/\" \/>\n<meta property=\"og:site_name\" content=\"Samfylkingin, Vi\u00f0reisn og \u00f3h\u00e1\u00f0ir \u00e1 Seltjarnarnesi\" \/>\n<meta property=\"article:publisher\" content=\"https:\/\/www.facebook.com\/XSeltjarnarnes\" \/>\n<meta property=\"article:modified_time\" content=\"2022-05-01T13:41:39+00:00\" \/>\n<meta property=\"og:image\" content=\"https:\/\/i0.wp.com\/xseltjarnarnes.is\/wp-content\/uploads\/2022\/04\/277568449_301834192073366_2948151852440663632_n.jpg?fit=2048%2C1536&ssl=1\" \/>\n\t<meta property=\"og:image:width\" content=\"2048\" \/>\n\t<meta property=\"og:image:height\" content=\"1536\" \/>\n\t<meta property=\"og:image:type\" content=\"image\/jpeg\" \/>\n<meta name=\"twitter:card\" content=\"summary_large_image\" \/>\n<meta name=\"twitter:label1\" content=\"Est. reading time\" \/>\n\t<meta name=\"twitter:data1\" content=\"7 minutes\" \/>\n<script type=\"application\/ld+json\" class=\"yoast-schema-graph\">{\"@context\":\"https:\\\/\\\/schema.org\",\"@graph\":[{\"@type\":\"WebPage\",\"@id\":\"https:\\\/\\\/xseltjarnarnes.is\\\/stefnan\\\/graenn-og-vaenn-baer\\\/\",\"url\":\"https:\\\/\\\/xseltjarnarnes.is\\\/stefnan\\\/graenn-og-vaenn-baer\\\/\",\"name\":\"Gr\u00e6nn og v\u00e6nn b\u00e6r - Samfylkingin, Vi\u00f0reisn og \u00f3h\u00e1\u00f0ir \u00e1 Seltjarnarnesi\",\"isPartOf\":{\"@id\":\"https:\\\/\\\/xseltjarnarnes.is\\\/#website\"},\"datePublished\":\"2022-05-01T13:00:26+00:00\",\"dateModified\":\"2022-05-01T13:41:39+00:00\",\"breadcrumb\":{\"@id\":\"https:\\\/\\\/xseltjarnarnes.is\\\/stefnan\\\/graenn-og-vaenn-baer\\\/#breadcrumb\"},\"inLanguage\":\"en-US\",\"potentialAction\":[{\"@type\":\"ReadAction\",\"target\":[\"https:\\\/\\\/xseltjarnarnes.is\\\/stefnan\\\/graenn-og-vaenn-baer\\\/\"]}]},{\"@type\":\"BreadcrumbList\",\"@id\":\"https:\\\/\\\/xseltjarnarnes.is\\\/stefnan\\\/graenn-og-vaenn-baer\\\/#breadcrumb\",\"itemListElement\":[{\"@type\":\"ListItem\",\"position\":1,\"name\":\"Home\",\"item\":\"https:\\\/\\\/xseltjarnarnes.is\\\/\"},{\"@type\":\"ListItem\",\"position\":2,\"name\":\"Stefnan\",\"item\":\"https:\\\/\\\/xseltjarnarnes.is\\\/stefnan\\\/\"},{\"@type\":\"ListItem\",\"position\":3,\"name\":\"Gr\u00e6nn og v\u00e6nn b\u00e6r\"}]},{\"@type\":\"WebSite\",\"@id\":\"https:\\\/\\\/xseltjarnarnes.is\\\/#website\",\"url\":\"https:\\\/\\\/xseltjarnarnes.is\\\/\",\"name\":\"Samfylkingin, Vi\u00f0reisn og \u00f3h\u00e1\u00f0ir \u00e1 Seltjarnarnesi\",\"description\":\"Betri b\u00e6r fyrir okkur \u00f6ll\",\"publisher\":{\"@id\":\"https:\\\/\\\/xseltjarnarnes.is\\\/#organization\"},\"potentialAction\":[{\"@type\":\"SearchAction\",\"target\":{\"@type\":\"EntryPoint\",\"urlTemplate\":\"https:\\\/\\\/xseltjarnarnes.is\\\/?s={search_term_string}\"},\"query-input\":{\"@type\":\"PropertyValueSpecification\",\"valueRequired\":true,\"valueName\":\"search_term_string\"}}],\"inLanguage\":\"en-US\"},{\"@type\":\"Organization\",\"@id\":\"https:\\\/\\\/xseltjarnarnes.is\\\/#organization\",\"name\":\"Samfylkingin og \u00f3h\u00e1\u00f0ir\",\"url\":\"https:\\\/\\\/xseltjarnarnes.is\\\/\",\"logo\":{\"@type\":\"ImageObject\",\"inLanguage\":\"en-US\",\"@id\":\"https:\\\/\\\/xseltjarnarnes.is\\\/#\\\/schema\\\/logo\\\/image\\\/\",\"url\":\"https:\\\/\\\/i0.wp.com\\\/xseltjarnarnes.is\\\/wp-content\\\/uploads\\\/2022\\\/05\\\/1.png?fit=1500%2C1500&ssl=1\",\"contentUrl\":\"https:\\\/\\\/i0.wp.com\\\/xseltjarnarnes.is\\\/wp-content\\\/uploads\\\/2022\\\/05\\\/1.png?fit=1500%2C1500&ssl=1\",\"width\":1500,\"height\":1500,\"caption\":\"Samfylkingin og \u00f3h\u00e1\u00f0ir\"},\"image\":{\"@id\":\"https:\\\/\\\/xseltjarnarnes.is\\\/#\\\/schema\\\/logo\\\/image\\\/\"},\"sameAs\":[\"https:\\\/\\\/www.facebook.com\\\/XSeltjarnarnes\"]}]}<\/script>\n<!-- \/ Yoast SEO plugin. -->","yoast_head_json":{"title":"Gr\u00e6nn og v\u00e6nn b\u00e6r - Samfylkingin, Vi\u00f0reisn og \u00f3h\u00e1\u00f0ir \u00e1 Seltjarnarnesi","robots":{"index":"index","follow":"follow","max-snippet":"max-snippet:-1","max-image-preview":"max-image-preview:large","max-video-preview":"max-video-preview:-1"},"canonical":"https:\/\/xseltjarnarnes.is\/en\/stefnan\/graenn-og-vaenn-baer\/","og_locale":"en_US","og_type":"article","og_title":"Gr\u00e6nn og v\u00e6nn b\u00e6r - Samfylkingin, Vi\u00f0reisn og \u00f3h\u00e1\u00f0ir \u00e1 Seltjarnarnesi","og_description":"Umhverfi\u00f0 \u00ed \u00f6ndvegi Vistkerfi jar\u00f0ar eiga undir h\u00f6gg a\u00f0 s\u00e6kja og er \u00e1kv\u00f6r\u00f0un um verndun l\u00edffr\u00e6\u00f0ilegrar fj\u00f6lbreytni \u00e1 vestursv\u00e6\u00f0unum sem og er verndun strandlengjunnar hringinn \u00ed kringum Seltjarnarnes grundvallaratri\u00f0i \u00ed bar\u00e1ttunni vi\u00f0 loftslagsbreytingar. Samfylkingin og \u00f3h\u00e1\u00f0ir eru fylgjandi sameiginlegri till\u00f6gu Umhverfisstofnunnar og Umhverfisnefndar Seltjarnarnesb\u00e6jar um st\u00e6kkun fri\u00f0landsins umhverfis Gr\u00f3ttu \u00e1samt Seltj\u00f6rn en me\u00f0 st\u00e6kkuninni n\u00e6st [&hellip;]","og_url":"https:\/\/xseltjarnarnes.is\/en\/stefnan\/graenn-og-vaenn-baer\/","og_site_name":"Samfylkingin, Vi\u00f0reisn og \u00f3h\u00e1\u00f0ir \u00e1 Seltjarnarnesi","article_publisher":"https:\/\/www.facebook.com\/XSeltjarnarnes","article_modified_time":"2022-05-01T13:41:39+00:00","og_image":[{"width":2048,"height":1536,"url":"https:\/\/i0.wp.com\/xseltjarnarnes.is\/wp-content\/uploads\/2022\/04\/277568449_301834192073366_2948151852440663632_n.jpg?fit=2048%2C1536&ssl=1","type":"image\/jpeg"}],"twitter_card":"summary_large_image","twitter_misc":{"Est. reading time":"7 minutes"},"schema":{"@context":"https:\/\/schema.org","@graph":[{"@type":"WebPage","@id":"https:\/\/xseltjarnarnes.is\/stefnan\/graenn-og-vaenn-baer\/","url":"https:\/\/xseltjarnarnes.is\/stefnan\/graenn-og-vaenn-baer\/","name":"Gr\u00e6nn og v\u00e6nn b\u00e6r - Samfylkingin, Vi\u00f0reisn og \u00f3h\u00e1\u00f0ir \u00e1 Seltjarnarnesi","isPartOf":{"@id":"https:\/\/xseltjarnarnes.is\/#website"},"datePublished":"2022-05-01T13:00:26+00:00","dateModified":"2022-05-01T13:41:39+00:00","breadcrumb":{"@id":"https:\/\/xseltjarnarnes.is\/stefnan\/graenn-og-vaenn-baer\/#breadcrumb"},"inLanguage":"en-US","potentialAction":[{"@type":"ReadAction","target":["https:\/\/xseltjarnarnes.is\/stefnan\/graenn-og-vaenn-baer\/"]}]},{"@type":"BreadcrumbList","@id":"https:\/\/xseltjarnarnes.is\/stefnan\/graenn-og-vaenn-baer\/#breadcrumb","itemListElement":[{"@type":"ListItem","position":1,"name":"Home","item":"https:\/\/xseltjarnarnes.is\/"},{"@type":"ListItem","position":2,"name":"Stefnan","item":"https:\/\/xseltjarnarnes.is\/stefnan\/"},{"@type":"ListItem","position":3,"name":"Gr\u00e6nn og v\u00e6nn b\u00e6r"}]},{"@type":"WebSite","@id":"https:\/\/xseltjarnarnes.is\/#website","url":"https:\/\/xseltjarnarnes.is\/","name":"Samfylkingin, Vi\u00f0reisn og \u00f3h\u00e1\u00f0ir \u00e1 Seltjarnarnesi","description":"Better town for us all","publisher":{"@id":"https:\/\/xseltjarnarnes.is\/#organization"},"potentialAction":[{"@type":"SearchAction","target":{"@type":"EntryPoint","urlTemplate":"https:\/\/xseltjarnarnes.is\/?s={search_term_string}"},"query-input":{"@type":"PropertyValueSpecification","valueRequired":true,"valueName":"search_term_string"}}],"inLanguage":"en-US"},{"@type":"Organization","@id":"https:\/\/xseltjarnarnes.is\/#organization","name":"Samfylkingin og \u00f3h\u00e1\u00f0ir","url":"https:\/\/xseltjarnarnes.is\/","logo":{"@type":"ImageObject","inLanguage":"en-US","@id":"https:\/\/xseltjarnarnes.is\/#\/schema\/logo\/image\/","url":"https:\/\/i0.wp.com\/xseltjarnarnes.is\/wp-content\/uploads\/2022\/05\/1.png?fit=1500%2C1500&ssl=1","contentUrl":"https:\/\/i0.wp.com\/xseltjarnarnes.is\/wp-content\/uploads\/2022\/05\/1.png?fit=1500%2C1500&ssl=1","width":1500,"height":1500,"caption":"Samfylkingin og \u00f3h\u00e1\u00f0ir"},"image":{"@id":"https:\/\/xseltjarnarnes.is\/#\/schema\/logo\/image\/"},"sameAs":["https:\/\/www.facebook.com\/XSeltjarnarnes"]}]}},"jetpack-related-posts":[],"jetpack_sharing_enabled":true,"_links":{"self":[{"href":"https:\/\/xseltjarnarnes.is\/en\/wp-json\/wp\/v2\/pages\/280","targetHints":{"allow":["GET"]}}],"collection":[{"href":"https:\/\/xseltjarnarnes.is\/en\/wp-json\/wp\/v2\/pages"}],"about":[{"href":"https:\/\/xseltjarnarnes.is\/en\/wp-json\/wp\/v2\/types\/page"}],"author":[{"embeddable":true,"href":"https:\/\/xseltjarnarnes.is\/en\/wp-json\/wp\/v2\/users\/1"}],"replies":[{"embeddable":true,"href":"https:\/\/xseltjarnarnes.is\/en\/wp-json\/wp\/v2\/comments?post=280"}],"version-history":[{"count":3,"href":"https:\/\/xseltjarnarnes.is\/en\/wp-json\/wp\/v2\/pages\/280\/revisions"}],"predecessor-version":[{"id":298,"href":"https:\/\/xseltjarnarnes.is\/en\/wp-json\/wp\/v2\/pages\/280\/revisions\/298"}],"up":[{"embeddable":true,"href":"https:\/\/xseltjarnarnes.is\/en\/wp-json\/wp\/v2\/pages\/65"}],"wp:attachment":[{"href":"https:\/\/xseltjarnarnes.is\/en\/wp-json\/wp\/v2\/media?parent=280"}],"curies":[{"name":"wp","href":"https:\/\/api.w.org\/{rel}","templated":true}]}}