{"id":5,"date":"2021-10-27T13:19:37","date_gmt":"2021-10-27T13:19:37","guid":{"rendered":"http:\/\/xseltjarnarnes.is\/?page_id=5"},"modified":"2022-05-01T21:32:49","modified_gmt":"2022-05-01T21:32:49","slug":"create-your-website-with-blocks","status":"publish","type":"page","link":"https:\/\/xseltjarnarnes.is\/en\/","title":{"rendered":"Better town for us all"},"content":{"rendered":"\n<figure class=\"wp-block-image size-large is-resized\"><img data-recalc-dims=\"1\" loading=\"lazy\" decoding=\"async\" src=\"https:\/\/i0.wp.com\/xseltjarnarnes.is\/wp-content\/uploads\/2022\/04\/277568449_301834192073366_2948151852440663632_n-1024x768.jpg?resize=840%2C629\" alt=\"\" class=\"wp-image-51\" width=\"840\" height=\"629\" srcset=\"https:\/\/i0.wp.com\/xseltjarnarnes.is\/wp-content\/uploads\/2022\/04\/277568449_301834192073366_2948151852440663632_n.jpg?resize=1024%2C768&amp;ssl=1 1024w, https:\/\/i0.wp.com\/xseltjarnarnes.is\/wp-content\/uploads\/2022\/04\/277568449_301834192073366_2948151852440663632_n.jpg?resize=300%2C225&amp;ssl=1 300w, https:\/\/i0.wp.com\/xseltjarnarnes.is\/wp-content\/uploads\/2022\/04\/277568449_301834192073366_2948151852440663632_n.jpg?resize=768%2C576&amp;ssl=1 768w, https:\/\/i0.wp.com\/xseltjarnarnes.is\/wp-content\/uploads\/2022\/04\/277568449_301834192073366_2948151852440663632_n.jpg?resize=1536%2C1152&amp;ssl=1 1536w, https:\/\/i0.wp.com\/xseltjarnarnes.is\/wp-content\/uploads\/2022\/04\/277568449_301834192073366_2948151852440663632_n.jpg?resize=1568%2C1176&amp;ssl=1 1568w, https:\/\/i0.wp.com\/xseltjarnarnes.is\/wp-content\/uploads\/2022\/04\/277568449_301834192073366_2948151852440663632_n.jpg?w=2048&amp;ssl=1 2048w, https:\/\/i0.wp.com\/xseltjarnarnes.is\/wp-content\/uploads\/2022\/04\/277568449_301834192073366_2948151852440663632_n.jpg?w=1680&amp;ssl=1 1680w\" sizes=\"auto, (max-width: 840px) 100vw, 840px\" \/><\/figure>\n\n\n\n<div style=\"height:100px\" aria-hidden=\"true\" class=\"wp-block-spacer\"><\/div>\n\n\n\n<div class=\"wp-block-columns alignwide are-vertically-aligned-center is-style-twentytwentyone-columns-overlap is-layout-flex wp-container-core-columns-is-layout-9d6595d7 wp-block-columns-is-layout-flex\">\n<div class=\"wp-block-column is-vertically-aligned-center is-layout-flow wp-block-column-is-layout-flow\"><\/div>\n\n\n\n<div class=\"wp-block-column is-vertically-aligned-center is-layout-flow wp-block-column-is-layout-flow\"><\/div>\n<\/div>\n\n\n\n<div style=\"height:50px\" aria-hidden=\"true\" class=\"wp-block-spacer\"><\/div>\n\n\n\n<div class=\"wp-block-columns alignwide are-vertically-aligned-top is-layout-flex wp-container-core-columns-is-layout-9d6595d7 wp-block-columns-is-layout-flex\">\n<div class=\"wp-block-column is-vertically-aligned-top is-layout-flow wp-block-column-is-layout-flow\">\n<h3 class=\"wp-block-heading\">Add block patterns<\/h3>\n\n\n\n<p>Block patterns are pre-designed groups of blocks. To add one, select the Add Block button [+] in the toolbar at the top of the editor. Switch to the Patterns tab underneath the search bar, and choose a pattern.<\/p>\n<\/div>\n\n\n\n<div class=\"wp-block-column is-vertically-aligned-top is-layout-flow wp-block-column-is-layout-flow\">\n<h3 class=\"wp-block-heading\">Frame your images<\/h3>\n\n\n\n<p>Twenty Twenty-One includes stylish borders for your content. With an Image block selected, open the &#8222;Styles&#8220; panel within the Editor sidebar. Select the &#8222;Frame&#8220; block style to activate it.<\/p>\n<\/div>\n\n\n\n<div class=\"wp-block-column is-vertically-aligned-top is-layout-flow wp-block-column-is-layout-flow\">\n<h3 class=\"wp-block-heading\">Overlap columns<\/h3>\n\n\n\n<p>Twenty Twenty-One also includes an overlap style for column blocks. With a Columns block selected, open the &#8222;Styles&#8220; panel within the Editor sidebar. Choose the &#8222;Overlap&#8220; block style to try it out.<\/p>\n<\/div>\n<\/div>\n\n\n\n<div style=\"height:100px\" aria-hidden=\"true\" class=\"wp-block-spacer\"><\/div>\n\n\n\n<div class=\"wp-block-cover alignwide is-light is-style-twentytwentyone-border\"><span aria-hidden=\"true\" class=\"has-green-background-color has-background-dim-100 wp-block-cover__gradient-background has-background-dim\"><\/span><div class=\"wp-block-cover__inner-container is-layout-flow wp-block-cover-is-layout-flow\">\n<div style=\"height:20px\" aria-hidden=\"true\" class=\"wp-block-spacer\"><\/div>\n\n\n\n<p class=\"has-huge-font-size\">Need help?<\/p>\n\n\n\n<div style=\"height:75px\" aria-hidden=\"true\" class=\"wp-block-spacer\"><\/div>\n\n\n\n<div class=\"wp-block-columns is-layout-flex wp-container-core-columns-is-layout-9d6595d7 wp-block-columns-is-layout-flex\">\n<div class=\"wp-block-column is-layout-flow wp-block-column-is-layout-flow\">\n<p><a href=\"https:\/\/wordpress.org\/support\/article\/twenty-twenty-one\/\">Read the Theme Documentation<\/a><\/p>\n<\/div>\n\n\n\n<div class=\"wp-block-column is-layout-flow wp-block-column-is-layout-flow\">\n<p><a href=\"https:\/\/wordpress.org\/support\/theme\/twentytwentyone\/\">Check out the Support Forums<\/a><\/p>\n<\/div>\n<\/div>\n\n\n\n<div style=\"height:20px\" aria-hidden=\"true\" class=\"wp-block-spacer\"><\/div>\n<\/div><\/div>\n","protected":false},"excerpt":{"rendered":"<p>Add block patterns Block patterns are pre-designed groups of blocks. To add one, select the Add Block button [+] in the toolbar at the top of the editor. Switch to the Patterns tab underneath the search bar, and choose a pattern. Frame your images Twenty Twenty-One includes stylish borders for your content. With an Image [&hellip;]<\/p>\n","protected":false},"author":1,"featured_media":68,"parent":0,"menu_order":0,"comment_status":"closed","ping_status":"closed","template":"","meta":{"footnotes":""},"class_list":["post-5","page","type-page","status-publish","has-post-thumbnail","hentry"],"yoast_head":"<!-- This site is optimized with the Yoast SEO plugin v27.3 - https:\/\/yoast.com\/product\/yoast-seo-wordpress\/ -->\n<title>Betri b\u00e6r fyrir okkur \u00f6ll - Samfylkingin, Vi\u00f0reisn og \u00f3h\u00e1\u00f0ir \u00e1 Seltjarnarnesi<\/title>\n<meta name=\"robots\" content=\"index, follow, max-snippet:-1, max-image-preview:large, max-video-preview:-1\" \/>\n<link rel=\"canonical\" href=\"https:\/\/xseltjarnarnes.is\/en\/\" \/>\n<meta property=\"og:locale\" content=\"en_US\" \/>\n<meta property=\"og:type\" content=\"article\" \/>\n<meta property=\"og:title\" content=\"Betri b\u00e6r fyrir okkur \u00f6ll - Samfylkingin, Vi\u00f0reisn og \u00f3h\u00e1\u00f0ir \u00e1 Seltjarnarnesi\" \/>\n<meta property=\"og:description\" content=\"Add block patterns Block patterns are pre-designed groups of blocks. To add one, select the Add Block button [+] in the toolbar at the top of the editor. Switch to the Patterns tab underneath the search bar, and choose a pattern. Frame your images Twenty Twenty-One includes stylish borders for your content. With an Image [&hellip;]\" \/>\n<meta property=\"og:url\" content=\"https:\/\/xseltjarnarnes.is\/en\/\" \/>\n<meta property=\"og:site_name\" content=\"Samfylkingin, Vi\u00f0reisn og \u00f3h\u00e1\u00f0ir \u00e1 Seltjarnarnesi\" \/>\n<meta property=\"article:publisher\" content=\"https:\/\/www.facebook.com\/XSeltjarnarnes\" \/>\n<meta property=\"article:modified_time\" content=\"2022-05-01T21:32:49+00:00\" \/>\n<meta property=\"og:image\" content=\"http:\/\/xseltjarnarnes.is\/wp-content\/uploads\/2022\/04\/277568449_301834192073366_2948151852440663632_n-1-e1651406910672.jpg\" \/>\n\t<meta property=\"og:image:width\" content=\"2032\" \/>\n\t<meta property=\"og:image:height\" content=\"844\" \/>\n\t<meta property=\"og:image:type\" content=\"image\/jpeg\" \/>\n<meta name=\"twitter:card\" content=\"summary_large_image\" \/>\n<meta name=\"twitter:label1\" content=\"Est. reading time\" \/>\n\t<meta name=\"twitter:data1\" content=\"1 minute\" \/>\n<script type=\"application\/ld+json\" class=\"yoast-schema-graph\">{\"@context\":\"https:\\\/\\\/schema.org\",\"@graph\":[{\"@type\":\"WebPage\",\"@id\":\"https:\\\/\\\/xseltjarnarnes.is\\\/\",\"url\":\"https:\\\/\\\/xseltjarnarnes.is\\\/\",\"name\":\"Betri b\u00e6r fyrir okkur \u00f6ll - Samfylkingin, Vi\u00f0reisn og \u00f3h\u00e1\u00f0ir \u00e1 Seltjarnarnesi\",\"isPartOf\":{\"@id\":\"https:\\\/\\\/xseltjarnarnes.is\\\/#website\"},\"primaryImageOfPage\":{\"@id\":\"https:\\\/\\\/xseltjarnarnes.is\\\/#primaryimage\"},\"image\":{\"@id\":\"https:\\\/\\\/xseltjarnarnes.is\\\/#primaryimage\"},\"thumbnailUrl\":\"https:\\\/\\\/i0.wp.com\\\/xseltjarnarnes.is\\\/wp-content\\\/uploads\\\/2022\\\/04\\\/277568449_301834192073366_2948151852440663632_n-1-e1651406910672.jpg?fit=2032%2C844&ssl=1\",\"datePublished\":\"2021-10-27T13:19:37+00:00\",\"dateModified\":\"2022-05-01T21:32:49+00:00\",\"breadcrumb\":{\"@id\":\"https:\\\/\\\/xseltjarnarnes.is\\\/#breadcrumb\"},\"inLanguage\":\"en-US\",\"potentialAction\":[{\"@type\":\"ReadAction\",\"target\":[\"https:\\\/\\\/xseltjarnarnes.is\\\/\"]}]},{\"@type\":\"ImageObject\",\"inLanguage\":\"en-US\",\"@id\":\"https:\\\/\\\/xseltjarnarnes.is\\\/#primaryimage\",\"url\":\"https:\\\/\\\/i0.wp.com\\\/xseltjarnarnes.is\\\/wp-content\\\/uploads\\\/2022\\\/04\\\/277568449_301834192073366_2948151852440663632_n-1-e1651406910672.jpg?fit=2032%2C844&ssl=1\",\"contentUrl\":\"https:\\\/\\\/i0.wp.com\\\/xseltjarnarnes.is\\\/wp-content\\\/uploads\\\/2022\\\/04\\\/277568449_301834192073366_2948151852440663632_n-1-e1651406910672.jpg?fit=2032%2C844&ssl=1\",\"width\":2032,\"height\":844},{\"@type\":\"BreadcrumbList\",\"@id\":\"https:\\\/\\\/xseltjarnarnes.is\\\/#breadcrumb\",\"itemListElement\":[{\"@type\":\"ListItem\",\"position\":1,\"name\":\"Home\",\"item\":\"https:\\\/\\\/xseltjarnarnes.is\\\/\"},{\"@type\":\"ListItem\",\"position\":2,\"name\":\"Betri b\u00e6r fyrir okkur \u00f6ll\"}]},{\"@type\":\"WebSite\",\"@id\":\"https:\\\/\\\/xseltjarnarnes.is\\\/#website\",\"url\":\"https:\\\/\\\/xseltjarnarnes.is\\\/\",\"name\":\"Samfylkingin, Vi\u00f0reisn og \u00f3h\u00e1\u00f0ir \u00e1 Seltjarnarnesi\",\"description\":\"Betri b\u00e6r fyrir okkur \u00f6ll\",\"publisher\":{\"@id\":\"https:\\\/\\\/xseltjarnarnes.is\\\/#organization\"},\"potentialAction\":[{\"@type\":\"SearchAction\",\"target\":{\"@type\":\"EntryPoint\",\"urlTemplate\":\"https:\\\/\\\/xseltjarnarnes.is\\\/?s={search_term_string}\"},\"query-input\":{\"@type\":\"PropertyValueSpecification\",\"valueRequired\":true,\"valueName\":\"search_term_string\"}}],\"inLanguage\":\"en-US\"},{\"@type\":\"Organization\",\"@id\":\"https:\\\/\\\/xseltjarnarnes.is\\\/#organization\",\"name\":\"Samfylkingin og \u00f3h\u00e1\u00f0ir\",\"url\":\"https:\\\/\\\/xseltjarnarnes.is\\\/\",\"logo\":{\"@type\":\"ImageObject\",\"inLanguage\":\"en-US\",\"@id\":\"https:\\\/\\\/xseltjarnarnes.is\\\/#\\\/schema\\\/logo\\\/image\\\/\",\"url\":\"https:\\\/\\\/i0.wp.com\\\/xseltjarnarnes.is\\\/wp-content\\\/uploads\\\/2022\\\/05\\\/1.png?fit=1500%2C1500&ssl=1\",\"contentUrl\":\"https:\\\/\\\/i0.wp.com\\\/xseltjarnarnes.is\\\/wp-content\\\/uploads\\\/2022\\\/05\\\/1.png?fit=1500%2C1500&ssl=1\",\"width\":1500,\"height\":1500,\"caption\":\"Samfylkingin og \u00f3h\u00e1\u00f0ir\"},\"image\":{\"@id\":\"https:\\\/\\\/xseltjarnarnes.is\\\/#\\\/schema\\\/logo\\\/image\\\/\"},\"sameAs\":[\"https:\\\/\\\/www.facebook.com\\\/XSeltjarnarnes\"]}]}<\/script>\n<!-- \/ Yoast SEO plugin. -->","yoast_head_json":{"title":"Betri b\u00e6r fyrir okkur \u00f6ll - Samfylkingin, Vi\u00f0reisn og \u00f3h\u00e1\u00f0ir \u00e1 Seltjarnarnesi","robots":{"index":"index","follow":"follow","max-snippet":"max-snippet:-1","max-image-preview":"max-image-preview:large","max-video-preview":"max-video-preview:-1"},"canonical":"https:\/\/xseltjarnarnes.is\/en\/","og_locale":"en_US","og_type":"article","og_title":"Betri b\u00e6r fyrir okkur \u00f6ll - Samfylkingin, Vi\u00f0reisn og \u00f3h\u00e1\u00f0ir \u00e1 Seltjarnarnesi","og_description":"Add block patterns Block patterns are pre-designed groups of blocks. To add one, select the Add Block button [+] in the toolbar at the top of the editor. Switch to the Patterns tab underneath the search bar, and choose a pattern. Frame your images Twenty Twenty-One includes stylish borders for your content. With an Image [&hellip;]","og_url":"https:\/\/xseltjarnarnes.is\/en\/","og_site_name":"Samfylkingin, Vi\u00f0reisn og \u00f3h\u00e1\u00f0ir \u00e1 Seltjarnarnesi","article_publisher":"https:\/\/www.facebook.com\/XSeltjarnarnes","article_modified_time":"2022-05-01T21:32:49+00:00","og_image":[{"width":2032,"height":844,"url":"http:\/\/xseltjarnarnes.is\/wp-content\/uploads\/2022\/04\/277568449_301834192073366_2948151852440663632_n-1-e1651406910672.jpg","type":"image\/jpeg"}],"twitter_card":"summary_large_image","twitter_misc":{"Est. reading time":"1 minute"},"schema":{"@context":"https:\/\/schema.org","@graph":[{"@type":"WebPage","@id":"https:\/\/xseltjarnarnes.is\/","url":"https:\/\/xseltjarnarnes.is\/","name":"Betri b\u00e6r fyrir okkur \u00f6ll - Samfylkingin, Vi\u00f0reisn og \u00f3h\u00e1\u00f0ir \u00e1 Seltjarnarnesi","isPartOf":{"@id":"https:\/\/xseltjarnarnes.is\/#website"},"primaryImageOfPage":{"@id":"https:\/\/xseltjarnarnes.is\/#primaryimage"},"image":{"@id":"https:\/\/xseltjarnarnes.is\/#primaryimage"},"thumbnailUrl":"https:\/\/i0.wp.com\/xseltjarnarnes.is\/wp-content\/uploads\/2022\/04\/277568449_301834192073366_2948151852440663632_n-1-e1651406910672.jpg?fit=2032%2C844&ssl=1","datePublished":"2021-10-27T13:19:37+00:00","dateModified":"2022-05-01T21:32:49+00:00","breadcrumb":{"@id":"https:\/\/xseltjarnarnes.is\/#breadcrumb"},"inLanguage":"en-US","potentialAction":[{"@type":"ReadAction","target":["https:\/\/xseltjarnarnes.is\/"]}]},{"@type":"ImageObject","inLanguage":"en-US","@id":"https:\/\/xseltjarnarnes.is\/#primaryimage","url":"https:\/\/i0.wp.com\/xseltjarnarnes.is\/wp-content\/uploads\/2022\/04\/277568449_301834192073366_2948151852440663632_n-1-e1651406910672.jpg?fit=2032%2C844&ssl=1","contentUrl":"https:\/\/i0.wp.com\/xseltjarnarnes.is\/wp-content\/uploads\/2022\/04\/277568449_301834192073366_2948151852440663632_n-1-e1651406910672.jpg?fit=2032%2C844&ssl=1","width":2032,"height":844},{"@type":"BreadcrumbList","@id":"https:\/\/xseltjarnarnes.is\/#breadcrumb","itemListElement":[{"@type":"ListItem","position":1,"name":"Home","item":"https:\/\/xseltjarnarnes.is\/"},{"@type":"ListItem","position":2,"name":"Betri b\u00e6r fyrir okkur \u00f6ll"}]},{"@type":"WebSite","@id":"https:\/\/xseltjarnarnes.is\/#website","url":"https:\/\/xseltjarnarnes.is\/","name":"Samfylkingin, Vi\u00f0reisn og \u00f3h\u00e1\u00f0ir \u00e1 Seltjarnarnesi","description":"Better town for us all","publisher":{"@id":"https:\/\/xseltjarnarnes.is\/#organization"},"potentialAction":[{"@type":"SearchAction","target":{"@type":"EntryPoint","urlTemplate":"https:\/\/xseltjarnarnes.is\/?s={search_term_string}"},"query-input":{"@type":"PropertyValueSpecification","valueRequired":true,"valueName":"search_term_string"}}],"inLanguage":"en-US"},{"@type":"Organization","@id":"https:\/\/xseltjarnarnes.is\/#organization","name":"Samfylkingin og \u00f3h\u00e1\u00f0ir","url":"https:\/\/xseltjarnarnes.is\/","logo":{"@type":"ImageObject","inLanguage":"en-US","@id":"https:\/\/xseltjarnarnes.is\/#\/schema\/logo\/image\/","url":"https:\/\/i0.wp.com\/xseltjarnarnes.is\/wp-content\/uploads\/2022\/05\/1.png?fit=1500%2C1500&ssl=1","contentUrl":"https:\/\/i0.wp.com\/xseltjarnarnes.is\/wp-content\/uploads\/2022\/05\/1.png?fit=1500%2C1500&ssl=1","width":1500,"height":1500,"caption":"Samfylkingin og \u00f3h\u00e1\u00f0ir"},"image":{"@id":"https:\/\/xseltjarnarnes.is\/#\/schema\/logo\/image\/"},"sameAs":["https:\/\/www.facebook.com\/XSeltjarnarnes"]}]}},"jetpack-related-posts":[],"jetpack_sharing_enabled":true,"_links":{"self":[{"href":"https:\/\/xseltjarnarnes.is\/en\/wp-json\/wp\/v2\/pages\/5","targetHints":{"allow":["GET"]}}],"collection":[{"href":"https:\/\/xseltjarnarnes.is\/en\/wp-json\/wp\/v2\/pages"}],"about":[{"href":"https:\/\/xseltjarnarnes.is\/en\/wp-json\/wp\/v2\/types\/page"}],"author":[{"embeddable":true,"href":"https:\/\/xseltjarnarnes.is\/en\/wp-json\/wp\/v2\/users\/1"}],"replies":[{"embeddable":true,"href":"https:\/\/xseltjarnarnes.is\/en\/wp-json\/wp\/v2\/comments?post=5"}],"version-history":[{"count":3,"href":"https:\/\/xseltjarnarnes.is\/en\/wp-json\/wp\/v2\/pages\/5\/revisions"}],"predecessor-version":[{"id":53,"href":"https:\/\/xseltjarnarnes.is\/en\/wp-json\/wp\/v2\/pages\/5\/revisions\/53"}],"wp:featuredmedia":[{"embeddable":true,"href":"https:\/\/xseltjarnarnes.is\/en\/wp-json\/wp\/v2\/media\/68"}],"wp:attachment":[{"href":"https:\/\/xseltjarnarnes.is\/en\/wp-json\/wp\/v2\/media?parent=5"}],"curies":[{"name":"wp","href":"https:\/\/api.w.org\/{rel}","templated":true}]}}